{"id":1358,"date":"2019-09-23T12:30:38","date_gmt":"2019-09-23T10:30:38","guid":{"rendered":"https:\/\/www.acerosdelvalles.com\/catalogo\/Sense categoria\/1-2344\/"},"modified":"2019-09-23T12:30:38","modified_gmt":"2019-09-23T10:30:38","slug":"1-2344","status":"publish","type":"product","link":"https:\/\/www.acerosdelvalles.com\/ca\/catalogo\/acers-per-a-motlles\/1-2344\/","title":{"rendered":"1.2344"},"content":{"rendered":"<h2>PROPIETATS I APLICACIONS<\/h2>\n<p>Acer per treballar en calent, nitrurable i apte per a recobriment. \u00c9s un material amb bona acceptaci\u00f3 en la soldadura. El seu estat de subministrament \u00e9s recuit \u2264 240 HB.<\/p>\n<p>T\u00e9 una estabilitat dimensional molt elevada.<\/p>\n<p>Compta amb una gran resist\u00e8ncia als impactes i a la fatiga t\u00e8rmica. T\u00e9 una bona resist\u00e8ncia al desgast. \u00c9s apte per al polit tipus &#8220;vidre&#8221;.<\/p>\n<p>Les seves aplicacions m\u00e9s comunes s\u00f3n motlles per a injecci\u00f3 a pressi\u00f3, motlles termopl\u00e0stics i termo estables, matrius per extrusi\u00f3 de perfils d&#8217;alumini, c\u00e8rcols per encamisar en calent i lampaci\u00f3n de cargols en calent.<\/p>\n","protected":false},"excerpt":{"rendered":"<p>PROPIETATS I APLICACIONS Acer per treballar en calent, nitrurable i apte per a recobriment. \u00c9s un material amb bona acceptaci\u00f3 en la soldadura. El seu estat de subministrament \u00e9s recuit \u2264 240 HB. T\u00e9 una estabilitat dimensional molt elevada. Compta amb una gran resist\u00e8ncia als impactes i a la fatiga t\u00e8rmica. T\u00e9 una bona resist\u00e8ncia [&hellip;]<\/p>\n","protected":false},"featured_media":0,"template":"","meta":{"_et_pb_use_builder":"","_et_pb_old_content":"","_et_gb_content_width":""},"product_brand":[],"product_cat":[82],"product_tag":[],"formato":[93,91],"disponibilidad":[95,94],"estado-de-suministro":[103],"tipo-de-procesado":[],"class_list":{"0":"post-1358","1":"product","2":"type-product","3":"status-publish","5":"product_cat-acers-per-a-motlles","6":"formato-pa-pasamano-llanta-ca","7":"formato-re-redondo-ca","8":"disponibilidad-bd-bajo-demanda-ca","9":"disponibilidad-st-stock-ca","10":"estado-de-suministro-estado-laminado-ca","12":"first","13":"instock","14":"shipping-taxable","15":"product-type-simple"},"_links":{"self":[{"href":"https:\/\/www.acerosdelvalles.com\/ca\/wp-json\/wp\/v2\/product\/1358","targetHints":{"allow":["GET"]}}],"collection":[{"href":"https:\/\/www.acerosdelvalles.com\/ca\/wp-json\/wp\/v2\/product"}],"about":[{"href":"https:\/\/www.acerosdelvalles.com\/ca\/wp-json\/wp\/v2\/types\/product"}],"wp:attachment":[{"href":"https:\/\/www.acerosdelvalles.com\/ca\/wp-json\/wp\/v2\/media?parent=1358"}],"wp:term":[{"taxonomy":"product_brand","embeddable":true,"href":"https:\/\/www.acerosdelvalles.com\/ca\/wp-json\/wp\/v2\/product_brand?post=1358"},{"taxonomy":"product_cat","embeddable":true,"href":"https:\/\/www.acerosdelvalles.com\/ca\/wp-json\/wp\/v2\/product_cat?post=1358"},{"taxonomy":"product_tag","embeddable":true,"href":"https:\/\/www.acerosdelvalles.com\/ca\/wp-json\/wp\/v2\/product_tag?post=1358"},{"taxonomy":"formato","embeddable":true,"href":"https:\/\/www.acerosdelvalles.com\/ca\/wp-json\/wp\/v2\/formato?post=1358"},{"taxonomy":"disponibilidad","embeddable":true,"href":"https:\/\/www.acerosdelvalles.com\/ca\/wp-json\/wp\/v2\/disponibilidad?post=1358"},{"taxonomy":"estado-de-suministro","embeddable":true,"href":"https:\/\/www.acerosdelvalles.com\/ca\/wp-json\/wp\/v2\/estado-de-suministro?post=1358"},{"taxonomy":"tipo-de-procesado","embeddable":true,"href":"https:\/\/www.acerosdelvalles.com\/ca\/wp-json\/wp\/v2\/tipo-de-procesado?post=1358"}],"curies":[{"name":"wp","href":"https:\/\/api.w.org\/{rel}","templated":true}]}}