{"id":1359,"date":"2019-09-23T11:54:36","date_gmt":"2019-09-23T09:54:36","guid":{"rendered":"https:\/\/www.acerosdelvalles.com\/catalogo\/Sense categoria\/1-2311\/"},"modified":"2019-09-23T11:54:36","modified_gmt":"2019-09-23T09:54:36","slug":"1-2311","status":"publish","type":"product","link":"https:\/\/www.acerosdelvalles.com\/ca\/catalogo\/acers-per-a-motlles\/1-2311\/","title":{"rendered":"1.2311"},"content":{"rendered":"<h2>PROPIETATS I APLICACIONS<\/h2>\n<p>Material bonificat a 280-320 HB i estabilitzat en el seu estat de subministrament. T\u00e9 bona mecanitzaci\u00f3 i \u00e9s nitrurable.<\/p>\n<p>Algunes de les seves aplicacions s\u00f3n per a motlles d&#8217;injectar termopl\u00e0stics, amb bon polit t\u00e8cnic, plaques porta-inserits per a motlles de fusi\u00f3 a pressi\u00f3, insereixis de matriu.<\/p>\n<p>Admet el gravat per electroerosi\u00f3.<\/p>\n","protected":false},"excerpt":{"rendered":"<p>PROPIETATS I APLICACIONS Material bonificat a 280-320 HB i estabilitzat en el seu estat de subministrament. T\u00e9 bona mecanitzaci\u00f3 i \u00e9s nitrurable. Algunes de les seves aplicacions s\u00f3n per a motlles d&#8217;injectar termopl\u00e0stics, amb bon polit t\u00e8cnic, plaques porta-inserits per a motlles de fusi\u00f3 a pressi\u00f3, insereixis de matriu. Admet el gravat per electroerosi\u00f3.<\/p>\n","protected":false},"featured_media":0,"template":"","meta":{"_et_pb_use_builder":"","_et_pb_old_content":"","_et_gb_content_width":""},"product_brand":[],"product_cat":[82],"product_tag":[],"formato":[93,91],"disponibilidad":[95,94],"estado-de-suministro":[100,103,98],"tipo-de-procesado":[],"class_list":{"0":"post-1359","1":"product","2":"type-product","3":"status-publish","5":"product_cat-acers-per-a-motlles","6":"formato-pa-pasamano-llanta-ca","7":"formato-re-redondo-ca","8":"disponibilidad-bd-bajo-demanda-ca","9":"disponibilidad-st-stock-ca","10":"estado-de-suministro-estado-fresado-ca","11":"estado-de-suministro-estado-laminado-ca","12":"estado-de-suministro-estado-rectificado-ca","14":"first","15":"instock","16":"shipping-taxable","17":"product-type-simple"},"_links":{"self":[{"href":"https:\/\/www.acerosdelvalles.com\/ca\/wp-json\/wp\/v2\/product\/1359","targetHints":{"allow":["GET"]}}],"collection":[{"href":"https:\/\/www.acerosdelvalles.com\/ca\/wp-json\/wp\/v2\/product"}],"about":[{"href":"https:\/\/www.acerosdelvalles.com\/ca\/wp-json\/wp\/v2\/types\/product"}],"wp:attachment":[{"href":"https:\/\/www.acerosdelvalles.com\/ca\/wp-json\/wp\/v2\/media?parent=1359"}],"wp:term":[{"taxonomy":"product_brand","embeddable":true,"href":"https:\/\/www.acerosdelvalles.com\/ca\/wp-json\/wp\/v2\/product_brand?post=1359"},{"taxonomy":"product_cat","embeddable":true,"href":"https:\/\/www.acerosdelvalles.com\/ca\/wp-json\/wp\/v2\/product_cat?post=1359"},{"taxonomy":"product_tag","embeddable":true,"href":"https:\/\/www.acerosdelvalles.com\/ca\/wp-json\/wp\/v2\/product_tag?post=1359"},{"taxonomy":"formato","embeddable":true,"href":"https:\/\/www.acerosdelvalles.com\/ca\/wp-json\/wp\/v2\/formato?post=1359"},{"taxonomy":"disponibilidad","embeddable":true,"href":"https:\/\/www.acerosdelvalles.com\/ca\/wp-json\/wp\/v2\/disponibilidad?post=1359"},{"taxonomy":"estado-de-suministro","embeddable":true,"href":"https:\/\/www.acerosdelvalles.com\/ca\/wp-json\/wp\/v2\/estado-de-suministro?post=1359"},{"taxonomy":"tipo-de-procesado","embeddable":true,"href":"https:\/\/www.acerosdelvalles.com\/ca\/wp-json\/wp\/v2\/tipo-de-procesado?post=1359"}],"curies":[{"name":"wp","href":"https:\/\/api.w.org\/{rel}","templated":true}]}}