{"id":1362,"date":"2019-03-27T15:24:22","date_gmt":"2019-03-27T13:24:22","guid":{"rendered":"https:\/\/www.acerosdelvalles.com\/catalogo\/Sense categoria\/aisi-304-aisi-304-l\/"},"modified":"2019-03-27T15:24:22","modified_gmt":"2019-03-27T13:24:22","slug":"aisi-304-aisi-304-l","status":"publish","type":"product","link":"https:\/\/www.acerosdelvalles.com\/ca\/catalogo\/acerss-inoxidables\/aisi-304-aisi-304-l\/","title":{"rendered":"AISI 304 L"},"content":{"rendered":"<h2>PROPIETATS I APLICACIONS<\/h2>\n<p>Acer inoxidable austen\u00edtic. Es pot considerar d&#8217;aplicaci\u00f3 general per la seva excel\u00b7lent resist\u00e8ncia a la corrosi\u00f3 atmosf\u00e8rica i qu\u00edmica.<\/p>\n<p>S&#8217;utilitza en la ind\u00fastria qu\u00edmica, farmac\u00e8utica, petroqu\u00edmica, d&#8217;alimentaci\u00f3, destil\u00b7leries, fabricaci\u00f3 de begudes i aplicacions en arquitectura, etc. No admet l&#8217;enduriment per tremp martens\u00edtic i presenta excel\u00b7lent ductilitat, per\u00f2 sota l\u00edmit el\u00e0stic.<\/p>\n<p>Com tots els acers inoxidables austen\u00edtics \u00e9s amagn\u00e9tic en estat de tremp austen\u00edtic, per\u00f2 quan es deforma en fred s&#8217;endureix i passa a ser lleugerament magn\u00e8tic.<\/p>\n<p>Admet b\u00e9 la soldadura.<\/p>\n","protected":false},"excerpt":{"rendered":"<p>PROPIETATS I APLICACIONS Acer inoxidable austen\u00edtic. Es pot considerar d&#8217;aplicaci\u00f3 general per la seva excel\u00b7lent resist\u00e8ncia a la corrosi\u00f3 atmosf\u00e8rica i qu\u00edmica. S&#8217;utilitza en la ind\u00fastria qu\u00edmica, farmac\u00e8utica, petroqu\u00edmica, d&#8217;alimentaci\u00f3, destil\u00b7leries, fabricaci\u00f3 de begudes i aplicacions en arquitectura, etc. No admet l&#8217;enduriment per tremp martens\u00edtic i presenta excel\u00b7lent ductilitat, per\u00f2 sota l\u00edmit el\u00e0stic. Com tots [&hellip;]<\/p>\n","protected":false},"featured_media":0,"template":"","meta":{"_et_pb_use_builder":"","_et_pb_old_content":"","_et_gb_content_width":""},"product_brand":[],"product_cat":[83],"product_tag":[],"formato":[90,93,91],"disponibilidad":[94],"estado-de-suministro":[105,101],"tipo-de-procesado":[],"class_list":{"0":"post-1362","1":"product","2":"type-product","3":"status-publish","5":"product_cat-acerss-inoxidables","6":"formato-cu-cuadrado-ca","7":"formato-pa-pasamano-llanta-ca","8":"formato-re-redondo-ca","9":"disponibilidad-st-stock-ca","10":"estado-de-suministro-estado-calibrado-ca","11":"estado-de-suministro-estado-laminado-caliente-ca","13":"first","14":"instock","15":"shipping-taxable","16":"product-type-simple"},"_links":{"self":[{"href":"https:\/\/www.acerosdelvalles.com\/ca\/wp-json\/wp\/v2\/product\/1362","targetHints":{"allow":["GET"]}}],"collection":[{"href":"https:\/\/www.acerosdelvalles.com\/ca\/wp-json\/wp\/v2\/product"}],"about":[{"href":"https:\/\/www.acerosdelvalles.com\/ca\/wp-json\/wp\/v2\/types\/product"}],"wp:attachment":[{"href":"https:\/\/www.acerosdelvalles.com\/ca\/wp-json\/wp\/v2\/media?parent=1362"}],"wp:term":[{"taxonomy":"product_brand","embeddable":true,"href":"https:\/\/www.acerosdelvalles.com\/ca\/wp-json\/wp\/v2\/product_brand?post=1362"},{"taxonomy":"product_cat","embeddable":true,"href":"https:\/\/www.acerosdelvalles.com\/ca\/wp-json\/wp\/v2\/product_cat?post=1362"},{"taxonomy":"product_tag","embeddable":true,"href":"https:\/\/www.acerosdelvalles.com\/ca\/wp-json\/wp\/v2\/product_tag?post=1362"},{"taxonomy":"formato","embeddable":true,"href":"https:\/\/www.acerosdelvalles.com\/ca\/wp-json\/wp\/v2\/formato?post=1362"},{"taxonomy":"disponibilidad","embeddable":true,"href":"https:\/\/www.acerosdelvalles.com\/ca\/wp-json\/wp\/v2\/disponibilidad?post=1362"},{"taxonomy":"estado-de-suministro","embeddable":true,"href":"https:\/\/www.acerosdelvalles.com\/ca\/wp-json\/wp\/v2\/estado-de-suministro?post=1362"},{"taxonomy":"tipo-de-procesado","embeddable":true,"href":"https:\/\/www.acerosdelvalles.com\/ca\/wp-json\/wp\/v2\/tipo-de-procesado?post=1362"}],"curies":[{"name":"wp","href":"https:\/\/api.w.org\/{rel}","templated":true}]}}