{"id":1366,"date":"2019-03-27T14:22:01","date_gmt":"2019-03-27T12:22:01","guid":{"rendered":"https:\/\/www.acerosdelvalles.com\/catalogo\/Sense categoria\/f-131-100cr6\/"},"modified":"2019-03-27T14:22:01","modified_gmt":"2019-03-27T12:22:01","slug":"f-131-100cr6","status":"publish","type":"product","link":"https:\/\/www.acerosdelvalles.com\/ca\/catalogo\/acers-aliats-bonificables\/f-131-100cr6\/","title":{"rendered":"F 131 \/ 100Cr6"},"content":{"rendered":"<h2>PROPIETATS I APLICACIONS<\/h2>\n<p>Acers de gran resist\u00e8ncia al desgast. T\u00e9 escassa deformaci\u00f3 en el tremp. Les seves aplicacions m\u00e9s comuns s\u00f3n per a rodaments de boles o rodets, eines per a la fusta, punts de torn, escariadors, fileres, coixinets i m\u00f2lta de materials durs i molt abrasius.<\/p>\n","protected":false},"excerpt":{"rendered":"<p>PROPIETATS I APLICACIONS Acers de gran resist\u00e8ncia al desgast. T\u00e9 escassa deformaci\u00f3 en el tremp. Les seves aplicacions m\u00e9s comuns s\u00f3n per a rodaments de boles o rodets, eines per a la fusta, punts de torn, escariadors, fileres, coixinets i m\u00f2lta de materials durs i molt abrasius.<\/p>\n","protected":false},"featured_media":0,"template":"","meta":{"_et_pb_use_builder":"","_et_pb_old_content":"","_et_gb_content_width":""},"product_brand":[],"product_cat":[86],"product_tag":[],"formato":[91],"disponibilidad":[95,94],"estado-de-suministro":[96],"tipo-de-procesado":[],"class_list":{"0":"post-1366","1":"product","2":"type-product","3":"status-publish","5":"product_cat-acers-aliats-bonificables","6":"formato-re-redondo-ca","7":"disponibilidad-bd-bajo-demanda-ca","8":"disponibilidad-st-stock-ca","9":"estado-de-suministro-estado-recocido-ca","11":"first","12":"instock","13":"shipping-taxable","14":"product-type-simple"},"_links":{"self":[{"href":"https:\/\/www.acerosdelvalles.com\/ca\/wp-json\/wp\/v2\/product\/1366","targetHints":{"allow":["GET"]}}],"collection":[{"href":"https:\/\/www.acerosdelvalles.com\/ca\/wp-json\/wp\/v2\/product"}],"about":[{"href":"https:\/\/www.acerosdelvalles.com\/ca\/wp-json\/wp\/v2\/types\/product"}],"wp:attachment":[{"href":"https:\/\/www.acerosdelvalles.com\/ca\/wp-json\/wp\/v2\/media?parent=1366"}],"wp:term":[{"taxonomy":"product_brand","embeddable":true,"href":"https:\/\/www.acerosdelvalles.com\/ca\/wp-json\/wp\/v2\/product_brand?post=1366"},{"taxonomy":"product_cat","embeddable":true,"href":"https:\/\/www.acerosdelvalles.com\/ca\/wp-json\/wp\/v2\/product_cat?post=1366"},{"taxonomy":"product_tag","embeddable":true,"href":"https:\/\/www.acerosdelvalles.com\/ca\/wp-json\/wp\/v2\/product_tag?post=1366"},{"taxonomy":"formato","embeddable":true,"href":"https:\/\/www.acerosdelvalles.com\/ca\/wp-json\/wp\/v2\/formato?post=1366"},{"taxonomy":"disponibilidad","embeddable":true,"href":"https:\/\/www.acerosdelvalles.com\/ca\/wp-json\/wp\/v2\/disponibilidad?post=1366"},{"taxonomy":"estado-de-suministro","embeddable":true,"href":"https:\/\/www.acerosdelvalles.com\/ca\/wp-json\/wp\/v2\/estado-de-suministro?post=1366"},{"taxonomy":"tipo-de-procesado","embeddable":true,"href":"https:\/\/www.acerosdelvalles.com\/ca\/wp-json\/wp\/v2\/tipo-de-procesado?post=1366"}],"curies":[{"name":"wp","href":"https:\/\/api.w.org\/{rel}","templated":true}]}}