{"id":1367,"date":"2019-03-27T14:19:19","date_gmt":"2019-03-27T12:19:19","guid":{"rendered":"https:\/\/www.acerosdelvalles.com\/catalogo\/Sense categoria\/f-174\/"},"modified":"2019-03-27T14:19:19","modified_gmt":"2019-03-27T12:19:19","slug":"f-174","status":"publish","type":"product","link":"https:\/\/www.acerosdelvalles.com\/ca\/catalogo\/acers-aliats-bonificables\/f-174\/","title":{"rendered":"F 1740"},"content":{"rendered":"<h2>PROPIETATS I APLICACIONS<\/h2>\n<p>Acers que necessiten enduriment superficial m\u00e0xim per a una resist\u00e8ncia al desgast elevada. Dels acers de nitruraci\u00f3, els que adquireixen m\u00e0xima duresa s\u00f3n els Cr-Al.<\/p>\n<p>S&#8217;utilitzen normalment pretractats amb nivells de resist\u00e8ncia entre 900 i 1.050 N\/mm\u00b2. Coixinets, cilindres, camises i eixos.<\/p>\n","protected":false},"excerpt":{"rendered":"<p>PROPIETATS I APLICACIONS Acers que necessiten enduriment superficial m\u00e0xim per a una resist\u00e8ncia al desgast elevada. Dels acers de nitruraci\u00f3, els que adquireixen m\u00e0xima duresa s\u00f3n els Cr-Al. S&#8217;utilitzen normalment pretractats amb nivells de resist\u00e8ncia entre 900 i 1.050 N\/mm\u00b2. Coixinets, cilindres, camises i eixos.<\/p>\n","protected":false},"featured_media":0,"template":"","meta":{"_et_pb_use_builder":"","_et_pb_old_content":"","_et_gb_content_width":""},"product_brand":[],"product_cat":[86],"product_tag":[],"formato":[91],"disponibilidad":[94],"estado-de-suministro":[99],"tipo-de-procesado":[],"class_list":{"0":"post-1367","1":"product","2":"type-product","3":"status-publish","5":"product_cat-acers-aliats-bonificables","6":"formato-re-redondo-ca","7":"disponibilidad-st-stock-ca","8":"estado-de-suministro-estado-bonificado-ca","10":"first","11":"instock","12":"shipping-taxable","13":"product-type-simple"},"_links":{"self":[{"href":"https:\/\/www.acerosdelvalles.com\/ca\/wp-json\/wp\/v2\/product\/1367","targetHints":{"allow":["GET"]}}],"collection":[{"href":"https:\/\/www.acerosdelvalles.com\/ca\/wp-json\/wp\/v2\/product"}],"about":[{"href":"https:\/\/www.acerosdelvalles.com\/ca\/wp-json\/wp\/v2\/types\/product"}],"wp:attachment":[{"href":"https:\/\/www.acerosdelvalles.com\/ca\/wp-json\/wp\/v2\/media?parent=1367"}],"wp:term":[{"taxonomy":"product_brand","embeddable":true,"href":"https:\/\/www.acerosdelvalles.com\/ca\/wp-json\/wp\/v2\/product_brand?post=1367"},{"taxonomy":"product_cat","embeddable":true,"href":"https:\/\/www.acerosdelvalles.com\/ca\/wp-json\/wp\/v2\/product_cat?post=1367"},{"taxonomy":"product_tag","embeddable":true,"href":"https:\/\/www.acerosdelvalles.com\/ca\/wp-json\/wp\/v2\/product_tag?post=1367"},{"taxonomy":"formato","embeddable":true,"href":"https:\/\/www.acerosdelvalles.com\/ca\/wp-json\/wp\/v2\/formato?post=1367"},{"taxonomy":"disponibilidad","embeddable":true,"href":"https:\/\/www.acerosdelvalles.com\/ca\/wp-json\/wp\/v2\/disponibilidad?post=1367"},{"taxonomy":"estado-de-suministro","embeddable":true,"href":"https:\/\/www.acerosdelvalles.com\/ca\/wp-json\/wp\/v2\/estado-de-suministro?post=1367"},{"taxonomy":"tipo-de-procesado","embeddable":true,"href":"https:\/\/www.acerosdelvalles.com\/ca\/wp-json\/wp\/v2\/tipo-de-procesado?post=1367"}],"curies":[{"name":"wp","href":"https:\/\/api.w.org\/{rel}","templated":true}]}}