{"id":1368,"date":"2019-03-27T14:10:32","date_gmt":"2019-03-27T12:10:32","guid":{"rendered":"https:\/\/www.acerosdelvalles.com\/catalogo\/Sense categoria\/f-1540-15nicr13\/"},"modified":"2019-03-27T14:10:32","modified_gmt":"2019-03-27T12:10:32","slug":"f-1540-15nicr13","status":"publish","type":"product","link":"https:\/\/www.acerosdelvalles.com\/ca\/catalogo\/acers-de-cimentacio\/f-1540-15nicr13\/","title":{"rendered":"F 1540 \/ 15NiCr13"},"content":{"rendered":"<h2>PROPIETATS I APLICACIONS<\/h2>\n<p>Acer per peces cimentades de responsabilitat que requereixin bona tenacitat i resist\u00e8ncia al nucli (resist\u00e8ncia mitjana de 80-125 kg \/ mm\u00b2) i\/o bona resist\u00e8ncia a la compressi\u00f3. Les seves aplicacions m\u00e9s comuns s\u00f3n per engranatges, pinyons, reductors, caixes de velocitat, lleves, bulons i r\u00f2tules.<\/p>\n","protected":false},"excerpt":{"rendered":"<p>PROPIETATS I APLICACIONS Acer per peces cimentades de responsabilitat que requereixin bona tenacitat i resist\u00e8ncia al nucli (resist\u00e8ncia mitjana de 80-125 kg \/ mm\u00b2) i\/o bona resist\u00e8ncia a la compressi\u00f3. Les seves aplicacions m\u00e9s comuns s\u00f3n per engranatges, pinyons, reductors, caixes de velocitat, lleves, bulons i r\u00f2tules.<\/p>\n","protected":false},"featured_media":0,"template":"","meta":{"_et_pb_use_builder":"","_et_pb_old_content":"","_et_gb_content_width":""},"product_brand":[],"product_cat":[87],"product_tag":[],"formato":[91],"disponibilidad":[95,94],"estado-de-suministro":[97],"tipo-de-procesado":[],"class_list":{"0":"post-1368","1":"product","2":"type-product","3":"status-publish","5":"product_cat-acers-de-cimentacio","6":"formato-re-redondo-ca","7":"disponibilidad-bd-bajo-demanda-ca","8":"disponibilidad-st-stock-ca","9":"estado-de-suministro-estado-bruto-laminacion-ca","11":"first","12":"instock","13":"shipping-taxable","14":"product-type-simple"},"_links":{"self":[{"href":"https:\/\/www.acerosdelvalles.com\/ca\/wp-json\/wp\/v2\/product\/1368","targetHints":{"allow":["GET"]}}],"collection":[{"href":"https:\/\/www.acerosdelvalles.com\/ca\/wp-json\/wp\/v2\/product"}],"about":[{"href":"https:\/\/www.acerosdelvalles.com\/ca\/wp-json\/wp\/v2\/types\/product"}],"wp:attachment":[{"href":"https:\/\/www.acerosdelvalles.com\/ca\/wp-json\/wp\/v2\/media?parent=1368"}],"wp:term":[{"taxonomy":"product_brand","embeddable":true,"href":"https:\/\/www.acerosdelvalles.com\/ca\/wp-json\/wp\/v2\/product_brand?post=1368"},{"taxonomy":"product_cat","embeddable":true,"href":"https:\/\/www.acerosdelvalles.com\/ca\/wp-json\/wp\/v2\/product_cat?post=1368"},{"taxonomy":"product_tag","embeddable":true,"href":"https:\/\/www.acerosdelvalles.com\/ca\/wp-json\/wp\/v2\/product_tag?post=1368"},{"taxonomy":"formato","embeddable":true,"href":"https:\/\/www.acerosdelvalles.com\/ca\/wp-json\/wp\/v2\/formato?post=1368"},{"taxonomy":"disponibilidad","embeddable":true,"href":"https:\/\/www.acerosdelvalles.com\/ca\/wp-json\/wp\/v2\/disponibilidad?post=1368"},{"taxonomy":"estado-de-suministro","embeddable":true,"href":"https:\/\/www.acerosdelvalles.com\/ca\/wp-json\/wp\/v2\/estado-de-suministro?post=1368"},{"taxonomy":"tipo-de-procesado","embeddable":true,"href":"https:\/\/www.acerosdelvalles.com\/ca\/wp-json\/wp\/v2\/tipo-de-procesado?post=1368"}],"curies":[{"name":"wp","href":"https:\/\/api.w.org\/{rel}","templated":true}]}}