{"id":1371,"date":"2019-03-27T13:49:27","date_gmt":"2019-03-27T11:49:27","guid":{"rendered":"https:\/\/www.acerosdelvalles.com\/catalogo\/Sense categoria\/f-1252-42crmo4\/"},"modified":"2019-03-27T13:49:27","modified_gmt":"2019-03-27T11:49:27","slug":"f-1252-42crmo4","status":"publish","type":"product","link":"https:\/\/www.acerosdelvalles.com\/ca\/catalogo\/acers-aliats-bonificables\/f-1252-42crmo4\/","title":{"rendered":"F-1252 \/ 42CrMo4"},"content":{"rendered":"<h2>PROPIETATS I APLICACIONS<\/h2>\n<p>L&#8217;estat de subministrament \u00e9s bonificat. Acer aliat d&#8217;\u00fas molt generalitzat. Es mecanitza b\u00e9 en estat tractat. Les seves aplicacions m\u00e9s comuns s\u00f3n per bulons d&#8217;alta resist\u00e8ncia, engranatges, cigonyals, bieles, maneguets, eixos per a maquin\u00e0ria i motors.<\/p>\n","protected":false},"excerpt":{"rendered":"<p>PROPIETATS I APLICACIONS L&#8217;estat de subministrament \u00e9s bonificat. Acer aliat d&#8217;\u00fas molt generalitzat. Es mecanitza b\u00e9 en estat tractat. Les seves aplicacions m\u00e9s comuns s\u00f3n per bulons d&#8217;alta resist\u00e8ncia, engranatges, cigonyals, bieles, maneguets, eixos per a maquin\u00e0ria i motors.<\/p>\n","protected":false},"featured_media":0,"template":"","meta":{"_et_pb_use_builder":"","_et_pb_old_content":"","_et_gb_content_width":""},"product_brand":[],"product_cat":[86],"product_tag":[],"formato":[91],"disponibilidad":[94],"estado-de-suministro":[99,105,96],"tipo-de-procesado":[],"class_list":{"0":"post-1371","1":"product","2":"type-product","3":"status-publish","5":"product_cat-acers-aliats-bonificables","6":"formato-re-redondo-ca","7":"disponibilidad-st-stock-ca","8":"estado-de-suministro-estado-bonificado-ca","9":"estado-de-suministro-estado-calibrado-ca","10":"estado-de-suministro-estado-recocido-ca","12":"first","13":"instock","14":"shipping-taxable","15":"product-type-simple"},"_links":{"self":[{"href":"https:\/\/www.acerosdelvalles.com\/ca\/wp-json\/wp\/v2\/product\/1371","targetHints":{"allow":["GET"]}}],"collection":[{"href":"https:\/\/www.acerosdelvalles.com\/ca\/wp-json\/wp\/v2\/product"}],"about":[{"href":"https:\/\/www.acerosdelvalles.com\/ca\/wp-json\/wp\/v2\/types\/product"}],"wp:attachment":[{"href":"https:\/\/www.acerosdelvalles.com\/ca\/wp-json\/wp\/v2\/media?parent=1371"}],"wp:term":[{"taxonomy":"product_brand","embeddable":true,"href":"https:\/\/www.acerosdelvalles.com\/ca\/wp-json\/wp\/v2\/product_brand?post=1371"},{"taxonomy":"product_cat","embeddable":true,"href":"https:\/\/www.acerosdelvalles.com\/ca\/wp-json\/wp\/v2\/product_cat?post=1371"},{"taxonomy":"product_tag","embeddable":true,"href":"https:\/\/www.acerosdelvalles.com\/ca\/wp-json\/wp\/v2\/product_tag?post=1371"},{"taxonomy":"formato","embeddable":true,"href":"https:\/\/www.acerosdelvalles.com\/ca\/wp-json\/wp\/v2\/formato?post=1371"},{"taxonomy":"disponibilidad","embeddable":true,"href":"https:\/\/www.acerosdelvalles.com\/ca\/wp-json\/wp\/v2\/disponibilidad?post=1371"},{"taxonomy":"estado-de-suministro","embeddable":true,"href":"https:\/\/www.acerosdelvalles.com\/ca\/wp-json\/wp\/v2\/estado-de-suministro?post=1371"},{"taxonomy":"tipo-de-procesado","embeddable":true,"href":"https:\/\/www.acerosdelvalles.com\/ca\/wp-json\/wp\/v2\/tipo-de-procesado?post=1371"}],"curies":[{"name":"wp","href":"https:\/\/api.w.org\/{rel}","templated":true}]}}