{"id":1375,"date":"2019-01-22T15:36:40","date_gmt":"2019-01-22T13:36:40","guid":{"rendered":"https:\/\/www.acerosdelvalles.com\/catalogo\/Sense categoria\/aisi303\/"},"modified":"2019-01-22T15:36:40","modified_gmt":"2019-01-22T13:36:40","slug":"aisi303","status":"publish","type":"product","link":"https:\/\/www.acerosdelvalles.com\/ca\/catalogo\/acerss-inoxidables\/aisi303\/","title":{"rendered":"AISI 303"},"content":{"rendered":"<h2>PROPIETATS Y APLICACIONES<\/h2>\n<p>Acer inoxidable austen\u00edtic al Cr-Ni amb addici\u00f3 de sofre, que millora la treballabilitat per extracci\u00f3 d&#8217;encenalls amb m\u00e0quines eines reduint la resist\u00e8ncia a la corrosi\u00f3 en entorns agressius. No \u00e9s apte per a la ind\u00fastria aliment\u00e0ria.<\/p>\n<p>No \u00e9s recomanable sotmetre aquest acer a operacions de soldadura. La duresa m\u00e0xima \u00e9s 230 HB.<\/p>\n<p>Com la resta d&#8217;acers austen\u00edtics, no admet tremp. L&#8217;\u00fanic procediment que permet augmentar la seva resist\u00e8ncia mec\u00e0nica \u00e9s l&#8217;estirat en fred o deformaci\u00f3 en fred.<\/p>\n<p>S&#8217;utilitza per a peces fabricades amb m\u00e0quines autom\u00e0tiques d&#8217;alta velocitat de tall, com perns, casquets, cargols, tirants, tensors, etc.<\/p>\n","protected":false},"excerpt":{"rendered":"<p>PROPIETATS Y APLICACIONES Acer inoxidable austen\u00edtic al Cr-Ni amb addici\u00f3 de sofre, que millora la treballabilitat per extracci\u00f3 d&#8217;encenalls amb m\u00e0quines eines reduint la resist\u00e8ncia a la corrosi\u00f3 en entorns agressius. No \u00e9s apte per a la ind\u00fastria aliment\u00e0ria. No \u00e9s recomanable sotmetre aquest acer a operacions de soldadura. La duresa m\u00e0xima \u00e9s 230 HB. [&hellip;]<\/p>\n","protected":false},"featured_media":0,"template":"","meta":{"_et_pb_use_builder":"","_et_pb_old_content":"","_et_gb_content_width":""},"product_brand":[],"product_cat":[83],"product_tag":[],"formato":[92,91],"disponibilidad":[94],"estado-de-suministro":[105],"tipo-de-procesado":[],"class_list":{"0":"post-1375","1":"product","2":"type-product","3":"status-publish","5":"product_cat-acerss-inoxidables","6":"formato-he-hexagonal-ca","7":"formato-re-redondo-ca","8":"disponibilidad-st-stock-ca","9":"estado-de-suministro-estado-calibrado-ca","11":"first","12":"instock","13":"shipping-taxable","14":"product-type-simple"},"_links":{"self":[{"href":"https:\/\/www.acerosdelvalles.com\/ca\/wp-json\/wp\/v2\/product\/1375","targetHints":{"allow":["GET"]}}],"collection":[{"href":"https:\/\/www.acerosdelvalles.com\/ca\/wp-json\/wp\/v2\/product"}],"about":[{"href":"https:\/\/www.acerosdelvalles.com\/ca\/wp-json\/wp\/v2\/types\/product"}],"wp:attachment":[{"href":"https:\/\/www.acerosdelvalles.com\/ca\/wp-json\/wp\/v2\/media?parent=1375"}],"wp:term":[{"taxonomy":"product_brand","embeddable":true,"href":"https:\/\/www.acerosdelvalles.com\/ca\/wp-json\/wp\/v2\/product_brand?post=1375"},{"taxonomy":"product_cat","embeddable":true,"href":"https:\/\/www.acerosdelvalles.com\/ca\/wp-json\/wp\/v2\/product_cat?post=1375"},{"taxonomy":"product_tag","embeddable":true,"href":"https:\/\/www.acerosdelvalles.com\/ca\/wp-json\/wp\/v2\/product_tag?post=1375"},{"taxonomy":"formato","embeddable":true,"href":"https:\/\/www.acerosdelvalles.com\/ca\/wp-json\/wp\/v2\/formato?post=1375"},{"taxonomy":"disponibilidad","embeddable":true,"href":"https:\/\/www.acerosdelvalles.com\/ca\/wp-json\/wp\/v2\/disponibilidad?post=1375"},{"taxonomy":"estado-de-suministro","embeddable":true,"href":"https:\/\/www.acerosdelvalles.com\/ca\/wp-json\/wp\/v2\/estado-de-suministro?post=1375"},{"taxonomy":"tipo-de-procesado","embeddable":true,"href":"https:\/\/www.acerosdelvalles.com\/ca\/wp-json\/wp\/v2\/tipo-de-procesado?post=1375"}],"curies":[{"name":"wp","href":"https:\/\/api.w.org\/{rel}","templated":true}]}}